{"id":12,"date":"2018-05-03T07:21:42","date_gmt":"2018-05-03T07:21:42","guid":{"rendered":"http:\/\/shkodrabeton.com?page_id=12"},"modified":"2018-12-14T16:49:18","modified_gmt":"2018-12-14T16:49:18","slug":"rreth-nesh","status":"publish","type":"page","link":"https:\/\/shkodrabeton.com\/?page_id=12","title":{"rendered":"Rreth Nesh"},"content":{"rendered":"<div class=\"wpb-content-wrapper\"><p>[vc_row][vc_column width=&#8221;1\/2&#8243;][vc_empty_space height=&#8221;50px&#8221;][vc_single_image image=&#8221;73&#8243; img_size=&#8221;full&#8221; alignment=&#8221;center&#8221; image_hovers=&#8221;false&#8221;][\/vc_column][vc_column width=&#8221;1\/2&#8243;][vc_column_text]<\/p>\n<p style=\"text-align: justify;\">Kompania \u201d Shkodra Beton-Inert\u201d ka si aktivitet kryesor nd\u00ebrtimet civile dhe ekonomike, treg\u00ebtimin e betonit dhe inerteve t\u00eb dimensioneve t\u00eb ndryshme dhe treg\u00ebtimin e materialeve t\u00eb nd\u00ebrtimit. Gjithashtu ne prodhojm\u00eb beton t\u00eb markave t\u00eb ndryshme, me nj\u00eb teknologji bash\u00ebkohore dhe cil\u00ebsi t\u00eb lart\u00eb, bazuar n\u00eb normat europiane BS \u2013 EN 206. Ne jemi t\u00eb fokusuar n\u00eb:<\/p>\n<div class=\"wpb_column vc_column_container vc_col-sm-6\">\n<div class=\"vc_column-inner \">\n<div class=\"wpb_wrapper\">\n<div class=\"wpb_text_column wpb_content_element \">\n<div class=\"wpb_wrapper\">\n<p>&nbsp;<\/p>\n<\/div>\n<\/div>\n<\/div>\n<\/div>\n<\/div>\n<p>[\/vc_column_text]<div class=\"smile_icon_list_wrap ult_info_list_container ult-adjust-bottom-margin  \"><ul class=\"smile_icon_list left square with_bg\"><li class=\"icon_list_item\" style=\" font-size:72px;\"><div class=\"icon_list_icon\" data-animation=\"\" data-animation-delay=\"03\" style=\"font-size:24px;border-width:1px;border-style:none;background:#f48120;color:#ffffff;border-color:#333333;\"><i class=\"Defaults-caret-right\" ><\/i><\/div><div class=\"icon_description\" id=\"Info-list-wrap-5712\" style=\"font-size:24px;\"><h3 class=\"ult-responsive info-list-heading\"  data-ultimate-target='#Info-list-wrap-5712 h3'  data-responsive-json-new='{\"font-size\":\"desktop:16px;\",\"line-height\":\"desktop:24px;\"}'  style=\"\">Prodhim Betoni<\/h3><div class=\"icon_description_text ult-responsive\"  data-ultimate-target='#Info-list-wrap-5712 .icon_description_text'  data-responsive-json-new='{\"font-size\":\"desktop:13px;\",\"line-height\":\"desktop:18px;\"}'  style=\"\"><\/div><\/div><div class=\"icon_list_connector\"  style=\"border-right-width: 1px;border-right-style: dashed;border-color: #f48120;\"><\/div><\/li><li class=\"icon_list_item\" style=\" font-size:72px;\"><div class=\"icon_list_icon\" data-animation=\"\" data-animation-delay=\"03\" style=\"font-size:24px;border-width:1px;border-style:none;background:#f48120;color:#ffffff;border-color:#333333;\"><i class=\"Defaults-caret-right\" ><\/i><\/div><div class=\"icon_description\" id=\"Info-list-wrap-9346\" style=\"font-size:24px;\"><h3 class=\"ult-responsive info-list-heading\"  data-ultimate-target='#Info-list-wrap-9346 h3'  data-responsive-json-new='{\"font-size\":\"desktop:16px;\",\"line-height\":\"desktop:24px;\"}'  style=\"\">Prodhim Inertesh<\/h3><div class=\"icon_description_text ult-responsive\"  data-ultimate-target='#Info-list-wrap-9346 .icon_description_text'  data-responsive-json-new='{\"font-size\":\"desktop:13px;\",\"line-height\":\"desktop:18px;\"}'  style=\"\"><\/div><\/div><div class=\"icon_list_connector\"  style=\"border-right-width: 1px;border-right-style: dashed;border-color: #f48120;\"><\/div><\/li><li class=\"icon_list_item\" style=\" font-size:72px;\"><div class=\"icon_list_icon\" data-animation=\"\" data-animation-delay=\"03\" style=\"font-size:24px;border-width:1px;border-style:none;background:#f48120;color:#ffffff;border-color:#333333;\"><i class=\"Defaults-caret-right\" ><\/i><\/div><div class=\"icon_description\" id=\"Info-list-wrap-3762\" style=\"font-size:24px;\"><h3 class=\"ult-responsive info-list-heading\"  data-ultimate-target='#Info-list-wrap-3762 h3'  data-responsive-json-new='{\"font-size\":\"desktop:16px;\",\"line-height\":\"desktop:24px;\"}'  style=\"\">Zbatim t\u00eb Punimeve t\u00eb Nd\u00ebrtimit<\/h3><div class=\"icon_description_text ult-responsive\"  data-ultimate-target='#Info-list-wrap-3762 .icon_description_text'  data-responsive-json-new='{\"font-size\":\"desktop:13px;\",\"line-height\":\"desktop:18px;\"}'  style=\"\"><\/div><\/div><div class=\"icon_list_connector\"  style=\"border-right-width: 1px;border-right-style: dashed;border-color: #f48120;\"><\/div><\/li><\/ul><\/div>[\/vc_column][\/vc_row][vc_row bg_type=&#8221;image&#8221; parallax_style=&#8221;vcpb-default&#8221; bg_image_new=&#8221;id^75|url^https:\/\/shkodrabeton.com\/wp-content\/uploads\/2018\/05\/Untitled-1.jpg|caption^null|alt^null|title^Untitled-1|description^null&#8221; bg_image_repeat=&#8221;no-repeat&#8221; bg_override=&#8221;ex-full&#8221; css=&#8221;.vc_custom_1525338824786{margin-bottom: -70px !important;}&#8221;][vc_column width=&#8221;1\/4&#8243;][vc_empty_space height=&#8221;20px&#8221;]<div class=\"stats-block stats-top  \"><div class=\"aio-icon-top\"><div class=\"ult-just-icon-wrapper  \"><div class=\"align-icon\" style=\"text-align:center;\">\n<div class=\"aio-icon none \" data-animation=\"swing\" data-animation-delay=\"03\" style=\"color:#ffffff;font-size:32px;display:inline-block;\">\n\t<i class=\"Defaults-chevron-up\"><\/i>\n<\/div><\/div><\/div><\/div><div class=\"stats-desc\" id=\"counter-responsv-wrap-2513\"><div id=\"counter_367861875769f31d34b66af\" data-id=\"counter_367861875769f31d34b66af\"  data-ultimate-target='#counter-responsv-wrap-2513 .stats-number'  data-responsive-json-new='{\"font-size\":\"\",\"line-height\":\"\"}'  class=\"stats-number ult-responsive\" style=\"font-size:28px; color:#ffffff; \" data-speed=\"3\" data-counter-value=\"500\" data-separator=\",\" data-decimal=\".\">0<\/div><div id=\"title-counter_367861875769f31d34b66af\"  data-ultimate-target='#counter-responsv-wrap-2513 .stats-text'  data-responsive-json-new='{\"font-size\":\"\",\"line-height\":\"\"}'  class=\"stats-text ult-responsive\" style=\"font-size:18px; color:#ffffff; \">PRODHIME<\/div><\/div><\/div>[vc_empty_space height=&#8221;20px&#8221;][\/vc_column][vc_column width=&#8221;1\/4&#8243;][vc_empty_space height=&#8221;20px&#8221;]<div class=\"stats-block stats-top  \"><div class=\"aio-icon-top\"><div class=\"ult-just-icon-wrapper  \"><div class=\"align-icon\" style=\"text-align:center;\">\n<div class=\"aio-icon none \" data-animation=\"swing\" data-animation-delay=\"03\" style=\"color:#ffffff;font-size:32px;display:inline-block;\">\n\t<i class=\"Defaults-chevron-up\"><\/i>\n<\/div><\/div><\/div><\/div><div class=\"stats-desc\" id=\"counter-responsv-wrap-6542\"><div id=\"counter_65334120969f31d34b67d2\" data-id=\"counter_65334120969f31d34b67d2\"  data-ultimate-target='#counter-responsv-wrap-6542 .stats-number'  data-responsive-json-new='{\"font-size\":\"\",\"line-height\":\"\"}'  class=\"stats-number ult-responsive\" style=\"font-size:28px; color:#ffffff; \" data-speed=\"3\" data-counter-value=\"40\" data-separator=\",\" data-decimal=\".\">0<\/div><div id=\"title-counter_65334120969f31d34b67d2\"  data-ultimate-target='#counter-responsv-wrap-6542 .stats-text'  data-responsive-json-new='{\"font-size\":\"\",\"line-height\":\"\"}'  class=\"stats-text ult-responsive\" style=\"font-size:18px; color:#ffffff; \">MJETE<\/div><\/div><\/div>[vc_empty_space height=&#8221;20px&#8221;][\/vc_column][vc_column width=&#8221;1\/4&#8243;][vc_empty_space height=&#8221;20px&#8221;]<div class=\"stats-block stats-top  \"><div class=\"aio-icon-top\"><div class=\"ult-just-icon-wrapper  \"><div class=\"align-icon\" style=\"text-align:center;\">\n<div class=\"aio-icon none \" data-animation=\"swing\" data-animation-delay=\"03\" style=\"color:#ffffff;font-size:32px;display:inline-block;\">\n\t<i class=\"Defaults-chevron-up\"><\/i>\n<\/div><\/div><\/div><\/div><div class=\"stats-desc\" id=\"counter-responsv-wrap-5170\"><div id=\"counter_324958572169f31d34b68e3\" data-id=\"counter_324958572169f31d34b68e3\"  data-ultimate-target='#counter-responsv-wrap-5170 .stats-number'  data-responsive-json-new='{\"font-size\":\"\",\"line-height\":\"\"}'  class=\"stats-number ult-responsive\" style=\"font-size:28px; color:#ffffff; \" data-speed=\"3\" data-counter-value=\"100\" data-separator=\",\" data-decimal=\".\">0<\/div><div id=\"title-counter_324958572169f31d34b68e3\"  data-ultimate-target='#counter-responsv-wrap-5170 .stats-text'  data-responsive-json-new='{\"font-size\":\"\",\"line-height\":\"\"}'  class=\"stats-text ult-responsive\" style=\"font-size:18px; color:#ffffff; \">PROJEKTE<\/div><\/div><\/div>[vc_empty_space height=&#8221;20px&#8221;][\/vc_column][vc_column width=&#8221;1\/4&#8243;][vc_empty_space height=&#8221;20px&#8221;]<div class=\"stats-block stats-top  \"><div class=\"aio-icon-top\"><div class=\"ult-just-icon-wrapper  \"><div class=\"align-icon\" style=\"text-align:center;\">\n<div class=\"aio-icon none \" data-animation=\"swing\" data-animation-delay=\"03\" style=\"color:#ffffff;font-size:32px;display:inline-block;\">\n\t<i class=\"Defaults-chevron-up\"><\/i>\n<\/div><\/div><\/div><\/div><div class=\"stats-desc\" id=\"counter-responsv-wrap-9044\"><div id=\"counter_147665886869f31d34b69e7\" data-id=\"counter_147665886869f31d34b69e7\"  data-ultimate-target='#counter-responsv-wrap-9044 .stats-number'  data-responsive-json-new='{\"font-size\":\"\",\"line-height\":\"\"}'  class=\"stats-number ult-responsive\" style=\"font-size:28px; color:#ffffff; \" data-speed=\"3\" data-counter-value=\"150\" data-separator=\",\" data-decimal=\".\">0<\/div><div id=\"title-counter_147665886869f31d34b69e7\"  data-ultimate-target='#counter-responsv-wrap-9044 .stats-text'  data-responsive-json-new='{\"font-size\":\"\",\"line-height\":\"\"}'  class=\"stats-text ult-responsive\" style=\"font-size:18px; color:#ffffff; \">KLIENT\u00cb <\/div><\/div><\/div>[vc_empty_space height=&#8221;20px&#8221;][\/vc_column][\/vc_row]<\/p>\n<\/div>","protected":false},"excerpt":{"rendered":"<p>[vc_row][vc_column width=&#8221;1\/2&#8243;][vc_empty_space height=&#8221;50px&#8221;][vc_single_image image=&#8221;73&#8243; img_size=&#8221;full&#8221; alignment=&#8221;center&#8221; image_hovers=&#8221;false&#8221;][\/vc_column][vc_column width=&#8221;1\/2&#8243;][vc_column_text] Kompania \u201d Shkodra Beton-Inert\u201d ka si aktivitet kryesor nd\u00ebrtimet civile dhe ekonomike, treg\u00ebtimin e betonit dhe inerteve t\u00eb dimensioneve t\u00eb ndryshme dhe treg\u00ebtimin e materialeve t\u00eb nd\u00ebrtimit. Gjithashtu ne prodhojm\u00eb beton t\u00eb markave t\u00eb ndryshme, me nj\u00eb teknologji bash\u00ebkohore dhe cil\u00ebsi t\u00eb lart\u00eb, bazuar n\u00eb normat europiane&hellip;<\/p>\n","protected":false},"author":2,"featured_media":0,"parent":0,"menu_order":0,"comment_status":"closed","ping_status":"closed","template":"","meta":{"footnotes":""},"class_list":["post-12","page","type-page","status-publish","hentry","description-off"],"_links":{"self":[{"href":"https:\/\/shkodrabeton.com\/index.php?rest_route=\/wp\/v2\/pages\/12","targetHints":{"allow":["GET"]}}],"collection":[{"href":"https:\/\/shkodrabeton.com\/index.php?rest_route=\/wp\/v2\/pages"}],"about":[{"href":"https:\/\/shkodrabeton.com\/index.php?rest_route=\/wp\/v2\/types\/page"}],"author":[{"embeddable":true,"href":"https:\/\/shkodrabeton.com\/index.php?rest_route=\/wp\/v2\/users\/2"}],"replies":[{"embeddable":true,"href":"https:\/\/shkodrabeton.com\/index.php?rest_route=%2Fwp%2Fv2%2Fcomments&post=12"}],"version-history":[{"count":5,"href":"https:\/\/shkodrabeton.com\/index.php?rest_route=\/wp\/v2\/pages\/12\/revisions"}],"predecessor-version":[{"id":230,"href":"https:\/\/shkodrabeton.com\/index.php?rest_route=\/wp\/v2\/pages\/12\/revisions\/230"}],"wp:attachment":[{"href":"https:\/\/shkodrabeton.com\/index.php?rest_route=%2Fwp%2Fv2%2Fmedia&parent=12"}],"curies":[{"name":"wp","href":"https:\/\/api.w.org\/{rel}","templated":true}]}}