{"id":18,"date":"2018-05-03T07:22:21","date_gmt":"2018-05-03T07:22:21","guid":{"rendered":"http:\/\/shkodrabeton.com?page_id=18"},"modified":"2018-05-03T15:17:33","modified_gmt":"2018-05-03T15:17:33","slug":"mjete","status":"publish","type":"page","link":"https:\/\/shkodrabeton.com\/?page_id=18","title":{"rendered":"Mjete"},"content":{"rendered":"<div class=\"wpb-content-wrapper\"><p>[vc_row][vc_column width=&#8221;1\/2&#8243;][vc_column_text]<\/p>\n<p style=\"text-align: justify;\">Shkodra Beton Inert ka n\u00eb dispozicion nj\u00eb shum\u00ebllojshm\u00ebri mjetesh t\u00eb cilat mb\u00ebshtesin cdo projekt q\u00eb n\u00eb fazat fillestare deri n\u00eb p\u00ebrfundim t\u00eb tij. Ne gjithmon\u00eb jemi duke shtuar mjete n\u00eb katalogun ton\u00eb dhe duke ju p\u00ebrshtatur t\u00eb gjitha teknologjive t\u00eb fundit t\u00eb mjeteve q\u00eb prodhohen. Tek ne do t\u00eb gjeni mjete t\u00eb prodhimit t\u00eb betonit si betoniere dhe pompa. Gjithashtu mjete transporti dhe mjete t\u00eb r\u00ebnda.<\/p>\n<p>[\/vc_column_text][vc_row_inner][vc_column_inner][vc_btn title=&#8221;Produkte&#8221; style=&#8221;custom&#8221; custom_background=&#8221;#f48120&#8243; custom_text=&#8221;#ffffff&#8221; shape=&#8221;square&#8221; align=&#8221;center&#8221; button_block=&#8221;true&#8221; link=&#8221;url:https%3A%2F%2Fshkodrabeton.com%2F%3Fpage_id%3D15|||&#8221;][vc_btn title=&#8221;Punime&#8221; style=&#8221;outline-custom&#8221; outline_custom_color=&#8221;#f48120&#8243; outline_custom_hover_background=&#8221;#d8d8d8&#8243; outline_custom_hover_text=&#8221;#ffffff&#8221; shape=&#8221;square&#8221; align=&#8221;center&#8221; button_block=&#8221;true&#8221; link=&#8221;url:https%3A%2F%2Fshkodrabeton.com%2F%3Fpage_id%3D22|||&#8221;][\/vc_column_inner][\/vc_row_inner][\/vc_column][vc_column width=&#8221;1\/2&#8243;][vc_row_inner][vc_column_inner width=&#8221;1\/2&#8243;][vc_single_image image=&#8221;186&#8243; img_size=&#8221;full&#8221; onclick=&#8221;link_image&#8221; image_hovers=&#8221;false&#8221;][vc_single_image image=&#8221;191&#8243; img_size=&#8221;full&#8221; onclick=&#8221;link_image&#8221; image_hovers=&#8221;false&#8221;][\/vc_column_inner][vc_column_inner width=&#8221;1\/2&#8243;][vc_single_image image=&#8221;188&#8243; img_size=&#8221;full&#8221; onclick=&#8221;link_image&#8221; image_hovers=&#8221;false&#8221;][vc_single_image image=&#8221;193&#8243; img_size=&#8221;full&#8221; onclick=&#8221;link_image&#8221; image_hovers=&#8221;false&#8221;][\/vc_column_inner][\/vc_row_inner][\/vc_column][\/vc_row][vc_row][vc_column width=&#8221;1\/2&#8243;]<div class=\"standard-arrow list-divider bullet-top\"><ul>\n<li>Kamiona Vetshkarkues<\/li>\n<li>Eskavator<\/li>\n<li>Fadroma<\/li>\n<li>Autobetoniere<\/li>\n<li>Pompa Betoni<\/li>\n<li>Grejder<\/li>\n<\/ul>\n<\/div>[\/vc_column][vc_column width=&#8221;1\/2&#8243;]<div class=\"standard-arrow list-divider bullet-top\"><ul>\n<li>Autovinca<\/li>\n<li>Vince Kulle<\/li>\n<li>Sennebogen 835 M&amp;835 R<\/li>\n<li>T\u00ebrheq\u00ebs<\/li>\n<li>Bot Cimentoje<\/li>\n<li>Rrula &amp; Sonda<\/li>\n<\/ul>\n<\/div>[\/vc_column][\/vc_row]<\/p>\n<\/div>","protected":false},"excerpt":{"rendered":"<p>[vc_row][vc_column width=&#8221;1\/2&#8243;][vc_column_text] Shkodra Beton Inert ka n\u00eb dispozicion nj\u00eb shum\u00ebllojshm\u00ebri mjetesh t\u00eb cilat mb\u00ebshtesin cdo projekt q\u00eb n\u00eb fazat fillestare deri n\u00eb p\u00ebrfundim t\u00eb tij. Ne gjithmon\u00eb jemi duke shtuar mjete n\u00eb katalogun ton\u00eb dhe duke ju p\u00ebrshtatur t\u00eb gjitha teknologjive t\u00eb fundit t\u00eb mjeteve q\u00eb prodhohen. Tek ne do t\u00eb gjeni mjete t\u00eb prodhimit&hellip;<\/p>\n","protected":false},"author":2,"featured_media":0,"parent":0,"menu_order":0,"comment_status":"closed","ping_status":"closed","template":"","meta":{"footnotes":""},"class_list":["post-18","page","type-page","status-publish","hentry","description-off"],"_links":{"self":[{"href":"https:\/\/shkodrabeton.com\/index.php?rest_route=\/wp\/v2\/pages\/18","targetHints":{"allow":["GET"]}}],"collection":[{"href":"https:\/\/shkodrabeton.com\/index.php?rest_route=\/wp\/v2\/pages"}],"about":[{"href":"https:\/\/shkodrabeton.com\/index.php?rest_route=\/wp\/v2\/types\/page"}],"author":[{"embeddable":true,"href":"https:\/\/shkodrabeton.com\/index.php?rest_route=\/wp\/v2\/users\/2"}],"replies":[{"embeddable":true,"href":"https:\/\/shkodrabeton.com\/index.php?rest_route=%2Fwp%2Fv2%2Fcomments&post=18"}],"version-history":[{"count":6,"href":"https:\/\/shkodrabeton.com\/index.php?rest_route=\/wp\/v2\/pages\/18\/revisions"}],"predecessor-version":[{"id":225,"href":"https:\/\/shkodrabeton.com\/index.php?rest_route=\/wp\/v2\/pages\/18\/revisions\/225"}],"wp:attachment":[{"href":"https:\/\/shkodrabeton.com\/index.php?rest_route=%2Fwp%2Fv2%2Fmedia&parent=18"}],"curies":[{"name":"wp","href":"https:\/\/api.w.org\/{rel}","templated":true}]}}